{"id":73,"date":"2023-04-11T18:19:45","date_gmt":"2023-04-11T16:19:45","guid":{"rendered":"https:\/\/ambasciatapraga.esteri.it\/?page_id=73"},"modified":"2026-04-16T13:03:04","modified_gmt":"2026-04-16T07:03:04","slug":"traduzione-e-legalizzazione-dei-documenti","status":"publish","type":"page","link":"https:\/\/ambastana.esteri.it\/it\/servizi-consolari-e-visti\/servizi-per-il-cittadino-italiano\/traduzione-e-legalizzazione-dei-documenti\/","title":{"rendered":"Traduzione e legalizzazione dei documenti"},"content":{"rendered":"<p><em>Ultimo aggiornamento 30.03.2026<\/em><\/p>\n<p>Per legalizzazione si intende la dichiarazione di conformit\u00e0 della traduzione in lingua italiana all\u2019originale (in lingua kazaka oppure russa) di atti rilasciati in Kazakistan e Kirghizistan. Il costo ordinario del servizio \u00e8 indicato nella <a href=\"https:\/\/ambastana.esteri.it\/it\/servizi-consolari-e-visti\/servizi-per-il-cittadino-straniero\/percezioni-consolari\/\">tabella dei principali diritti consolari<\/a><strong>. <\/strong>La relativa unit\u00e0 di calcolo \u00e8 il numero di fogli su cui \u00e8 riportata la traduzione in italiano (esclusa la traduzione dell\u2019apostille)<\/p>\n<p><strong>Nota Bene:<\/strong> Questo Ufficio Consolare non pu\u00f2 legalizzare documenti tradotti da lingue diverse dal kazako \/ russo oppure rilasciati al di fuori del territorio delle Repubbliche del Kazakistan e\/o del Kirghizistan!<\/p>\n<p><strong>Importante:<\/strong> L\u2019Ambasciata non offre un servizio di traduzione di documenti. Questi dovranno, pertanto, essere invitati gi\u00e0 tradotti in lingua italiana.<\/p>\n<h3><span style=\"text-decoration: underline;\"><strong>Come fare<\/strong><\/span><\/h3>\n<p>1. <a href=\"https:\/\/ambastana.esteri.it\/wp-content\/uploads\/2026\/04\/M01-Richiesta-Legalizz-e-DdV-2026-1.pdf\"><strong>Compilare la domanda<\/strong><\/a><\/p>\n<p>2. Allegare copia del passaporto del richiedente<\/p>\n<p>3. Fornire un documento (originale oppure sua copia autenticata) con traduzione in italiano, redatto:<\/p>\n<p style=\"padding-left: 40px;\">&#8211; tramite un <strong><a href=\"https:\/\/ambastana.esteri.it\/wp-content\/uploads\/2026\/03\/Elenco-traduttori.pdf\">interprete accreditato<\/a> presso l&#8217;Ambasciata <\/strong>(l&#8217;elenco ha carattere informativo: tutti i traduttori sono operatori di mercato su cui l&#8217;Ufficio Consolare non esercita alcuna forma di controllo sui rapporti da questi instaurati con coloro che richiedono le loro prestazioni, n\u00e9 sul costo dei servizi prestati).<\/p>\n<p style=\"padding-left: 40px;\">&#8211; tramite altro traduttore, la cui firma deve essere autenticata da un notaio.<\/p>\n<p>4. Spedire la documentazione all&#8217;Ufficio Consolare dell&#8217;Ambasciata d&#8217;Italia nella Repubblica del Kazakistan per la dichiarazione di conformit\u00e0 della traduzione all&#8217;originale.<\/p>\n<p style=\"text-align: justify; padding-left: 40px;\"><strong>I documenti vengono <span style=\"text-decoration: underline;\">ordinariamente<\/span>*\u00a0presentati tramite:<\/strong><\/p>\n<p style=\"text-align: justify; padding-left: 40px;\">\u2022 qualsiasi servizio di corriere ufficiale (a spese del mittente, indirizzo dell&#8217;ambasciata: 010000 Astana, Kosmonavtov str. 62, 8th floor)<\/p>\n<p style=\"text-align: justify; padding-left: 40px;\">\u2022 la rete dei <a href=\"https:\/\/ambastana.esteri.it\/it\/chi-siamo\/la-rete-consolare\/\">Consolati Onorari<\/a> (La procedura di invio e la restituzione dei documenti tramite la rete dei Consolati Onorari non cambia: gli utenti potranno sempre rivolgersi al Consolato Onorario pi\u00f9 vicino utilizzando i recapiti forniti sul sito ufficiale dell&#8217;Ambasciata nella sezione <a href=\"https:\/\/ambastana.esteri.it\/it\/chi-siamo\/la-rete-consolare\/\">Rete consolare<\/a>)<\/p>\n<p>*\u00c8 consentita la presentazione di persona soltanto in caso di richiesta del servizio urgente, con versamento dei relativi <a href=\"https:\/\/ambastana.esteri.it\/it\/servizi-consolari-e-visti\/servizi-per-il-cittadino-straniero\/percezioni-consolari\/\">diritti<\/a>. previo appuntamento da concordare scrivendo al seguente indirizzo di posta elettronica: <a href=\"mailto:astana.studenti@esteri.it\">astana.studenti@esteri.it<\/a><\/p>\n<p>Prima di inviare la documentazione Vi invitiamo a prendere visione della procedura per la presentazione dei documenti, pubblicata sul sito ufficiale dell&#8217;Ambasciata <a href=\"https:\/\/ambastana.esteri.it\/\">https:\/\/ambastana.esteri.it\/<\/a> nella sezione Informazioni e Servizi &#8211; Traduzione e legalizzazione dei documenti (o Dichiarazione di valore o Codice fiscale italiano).<\/p>\n<p>Si sensibilizza l\u2019utenza:<\/p>\n<ol>\n<li>A compilare con la massima cura la modulistica scaricabile da questo sito web, assicurandosi di poter essere contattati tramite telefono oppure e-mail dall\u2019Ufficio Consolare in caso di necessit\u00e0;<\/li>\n<li data-section-id=\"12ntcnt\" data-start=\"5216\" data-end=\"5373\">Ad assicurarvi che la documentazione sia predisposta secondo le procedure indicate sul <a href=\"https:\/\/ambastana.esteri.it\/it\/servizi-consolari-e-visti\/servizi-per-il-cittadino-straniero\/traduzione-e-legalizzazione-dei-documenti\/\">sito di questa Ambasciata<\/a>;<\/li>\n<li class=\"Standard\">A contattare l\u2019Ufficio consolare \u2013 telefonicamente oppure tramite e-mail \u2013 soltanto per gravi motivi (non per informarsi sull\u2019arrivo documentazione, tempistiche di lavorazione, solleciti, etc.): ogni minuto impiegato nel rispondere \u00e8 un minuto sottratto alla lavorazione di documenti,\u00a0<u>inclusi i vostri<\/u>!<\/li>\n<\/ol>\n<p>Ricevuta la documentazione, l\u2019Ufficio esaminer\u00e0 la vostra richiesta e comunicher\u00e0, via mail oppure telefonicamente, l\u2019ammontare esatto delle percezioni consolari e gli estremi per effettuare il pagamento. Ove il versamento non venga effettuato entro 30 giorni dalla comunicazione, i documenti verranno restituiti al mittente senza essere lavorati.<\/p>\n<p>Nel momento in cui i documenti saranno pronti, sarete contattati tramite posta elettronica \/ telefonicamente. In seguito dovrete chiamare autonomamente un corriere affinch\u00e9 ritiri la documentazione in Ambasciata e la consegni nel luogo prescelto.<\/p>\n<h4><span style=\"text-decoration: underline;\">STUDENTI<\/span><\/h4>\n<p class=\"Standard\">Ai sensi dell\u2019Art. 66, lettera c) D.Lgs. 71\/2011 \u00e8 consentita l\u2019esenzione dal versamento degli ordinari diritti consolari chi richieda legalizzazione di documento e\/o rilascio di dichiarazioni di valore\u00a0<strong>per motivi di studio<\/strong>.<\/p>\n<p>Tale esenzione sar\u00e0 applicata esclusivamente alla legalizzazione di titoli studio e rilascio di Dichiarazioni Di Valore e spetta al diretto interessato dimostrare il proprio diritto ad usufruirne. A tal fine, a partire dal 1\u00b0 aprile 2026, l\u2019Ufficio Consolare accetter\u00e0 esclusivamente alla seguente documentazione:<\/p>\n<p>Foundation \/ Immatricolazione universitaria: Pre-Enrollment validato dall\u2019Ateneo prescelto dagli aspiranti studenti sul portale Universitaly.<\/p>\n<p>Ove l\u2019ateneo non operi sul portale Universitaly, \u00e8 possibile presentare un\u00a0<strong>certificato di iscrizione<\/strong>\u00a0universitaria\u00a0<u>recente<\/u>\u00a0con esami sostenuti e relative valutazioni riportate (non verranno accettate autocertificazioni:\u00a0invitiamo gli studenti a verificare modalit\u00e0 di rilascio ed eventuali costi con la segreteria studenti del proprio Ateneo)<\/p>\n<p><strong>Nota Bene:<\/strong><\/p>\n<ul>\n<li><em>Gli studenti che svolgono l\u2019anno propedeutico presso un\u2019Universit\u00e0 italiana,\u00a0<b>devono<\/b>\u00a0rientrare in Kazakistan o Kirghizistan e presentare una nuova domanda di visto per immatricolazione universitaria. Di conseguenza, i servizi consolari potranno essere erogati esclusivamente a pagamento in assenza di un Pre-Enrollment validato.<\/em><\/li>\n<\/ul>\n<p><strong><u>ATTENZIONE<\/u>:<\/strong>\u00a0pur in presenza di un Pre-Enrollment validato,\u00a0saranno rilasciate Dichiarazioni di Valore gratuitamente\u00a0<u>soltanto se richieste dall\u2019Ateneo<\/u>\u00a0(informazione visibile sul portale Universitaly) e per il solo titolo che consente l\u2019accesso al corso di studi prescelto (non\u00a0anche titoli propedeutici e\/o ulteriori). In tutti gli altri casi il rilascio sar\u00e0 condizionato al previo versamento dei corrispondenti\u00a0<a href=\"https:\/\/ambastana.esteri.it\/it\/servizi-consolari-e-visti\/servizi-per-il-cittadino-straniero\/percezioni-consolari\/\">diritti consolari<\/a>.<\/p>\n<ul>\n<li class=\"Standard\"><em>A coloro che non abbiano sostenuto esami nel corso del 2026 non verr\u00e0 riconosciuta l\u2019esenzione e richiesto il versamento dei\u00a0<a href=\"https:\/\/ambastana.esteri.it\/it\/servizi-consolari-e-visti\/servizi-per-il-cittadino-straniero\/percezioni-consolari\/\">diritti consolari<\/a>.<\/em><\/li>\n<\/ul>\n<p class=\"Standard\">La trasmissione della documentazione indicata non preclude la possibilit\u00e0 di ulteriori verifiche in merito all\u2019autenticit\u00e0 della stessa da parte dell\u2019Ufficio Consolare.<\/p>\n<p class=\"Standard\"><strong>Questa Ambasciata non collabora con alcuna agenzia o intermediario, n\u00e9 richiede pagamenti ulteriori rispetto alle percezioni consolari.<\/strong><\/p>\n<p>&nbsp;<\/p>\n<p><span style=\"text-decoration: underline;\"><strong>ATTENZIONE<\/strong><\/span><\/p>\n<p style=\"text-align: justify;\">Per tutte le questioni riguardanti gli studenti stranieri in Italia, (per esempio: legalizzazione documenti, dichiarazioni di valore, emissione codice fiscale, ecc\u2026) si prega di contattare l\u2019Ufficio consolare <strong>esclusivamente <\/strong>al seguente indirizzo di posta elettronica: <a href=\"mailto:astana.studenti@esteri.it\">astana.studenti@esteri.it<\/a><\/p>\n<p style=\"text-align: justify;\"><em><strong>Richieste relative ai predetti studenti, inviate a indirizzi di posta elettronica diversi da quello indicato, non potranno essere elaborate.<\/strong><\/em><\/p>\n<p style=\"text-align: justify;\">Per richieste <strong>relative ai visti di ingresso in Italia<\/strong>, si deve contattare <strong>esclusivamente <\/strong>il seguente indirizzo di posta elettronica: <a href=\"mailto:astana.visti@esteri.it\">astana.visti@esteri.it<\/a><\/p>\n<p style=\"text-align: justify;\">Coloro che abbiano la necessit\u00e0 di contattare l&#8217;Ufficio Consolare per questioni specifiche e diverse da quelle e indicate in precedenza, nonch\u00e9 per prendere appuntamento per presentarsi nei nostri uffici, sono pregati di scrivere al seguente indirizzo di posta elettronica: <a href=\"mailto:astana.consolare@esteri.it\">astana.consolare@esteri.it<\/a><\/p>\n<p style=\"text-align: justify;\">I cittadini italiani possono prenotare un appuntamento\u00a0 anche per il tramite del seguente link: <a href=\"https:\/\/prenotami.esteri.it\/\" target=\"_blank\" rel=\"noopener\">Home Page &#8211; Prenot@Mi <\/a>(temporaneamente non attivo)<\/p>\n<div class=\"entry-content\">\n<p>&nbsp;<\/p>\n<\/div>\n","protected":false},"excerpt":{"rendered":"Ultimo aggiornamento 30.03.2026 Per legalizzazione si intende la dichiarazione di conformit\u00e0 della traduzione in lingua italiana all\u2019originale (in lingua kazaka oppure russa) di atti rilasciati in Kazakistan e Kirghizistan. Il costo ordinario del servizio \u00e8 indicato nella tabella dei principali diritti consolari. La relativa unit\u00e0 di calcolo \u00e8 il numero di fogli su cui \u00e8 [&hellip;]","protected":false},"author":1,"featured_media":0,"parent":47,"menu_order":14,"comment_status":"closed","ping_status":"closed","template":"","meta":{"footnotes":""},"class_list":["post-73","page","type-page","status-publish","hentry"],"_links":{"self":[{"href":"https:\/\/ambastana.esteri.it\/it\/wp-json\/wp\/v2\/pages\/73","targetHints":{"allow":["GET"]}}],"collection":[{"href":"https:\/\/ambastana.esteri.it\/it\/wp-json\/wp\/v2\/pages"}],"about":[{"href":"https:\/\/ambastana.esteri.it\/it\/wp-json\/wp\/v2\/types\/page"}],"author":[{"embeddable":true,"href":"https:\/\/ambastana.esteri.it\/it\/wp-json\/wp\/v2\/users\/1"}],"replies":[{"embeddable":true,"href":"https:\/\/ambastana.esteri.it\/it\/wp-json\/wp\/v2\/comments?post=73"}],"version-history":[{"count":8,"href":"https:\/\/ambastana.esteri.it\/it\/wp-json\/wp\/v2\/pages\/73\/revisions"}],"predecessor-version":[{"id":5885,"href":"https:\/\/ambastana.esteri.it\/it\/wp-json\/wp\/v2\/pages\/73\/revisions\/5885"}],"up":[{"embeddable":true,"href":"https:\/\/ambastana.esteri.it\/it\/wp-json\/wp\/v2\/pages\/47"}],"wp:attachment":[{"href":"https:\/\/ambastana.esteri.it\/it\/wp-json\/wp\/v2\/media?parent=73"}],"curies":[{"name":"wp","href":"https:\/\/api.w.org\/{rel}","templated":true}]}}