{"id":68,"date":"2023-04-11T18:18:08","date_gmt":"2023-04-11T16:18:08","guid":{"rendered":"https:\/\/ambasciatapraga.esteri.it\/?page_id=68"},"modified":"2026-03-30T18:16:22","modified_gmt":"2026-03-30T12:16:22","slug":"stato-civile","status":"publish","type":"page","link":"https:\/\/ambastana.esteri.it\/it\/servizi-consolari-e-visti\/servizi-per-il-cittadino-italiano\/stato-civile\/","title":{"rendered":"Stato Civile"},"content":{"rendered":"<p style=\"text-align: justify;\">Per informazioni in merito alla funzione di Ufficio di Stato Civile presso il Consolato, consultare l&#8217;apposita <a href=\"http:\/\/www.esteri.it\/MAE\/IT\/Italiani_nel_Mondo\/ServiziConsolari\/StatoCivile\/\">pagina<\/a> del sito del Ministero degli Esteri.<\/p>\n<p style=\"text-align: justify;\">I cittadini italiani sono tenuti a dichiarare tutte le variazioni di stato civile (producendo i relativi atti o altra documentazione), che si verificano durante la loro permanenza all&#8217;estero, all&#8217;Ufficio consolare competente per il luogo in cui\u00a0si \u00e8 verificato l&#8217;evento.<\/p>\n<p style=\"text-align: justify;\">Gli atti di stato civile relativi ad eventi verificatisi all&#8217;estero possono essere presentati dagli interessati e da chiunque ne abbia interesse o direttamente al Comune italiano di appartenenza (vedi art. 12, comma 11, DPR 396\/2000) o all&#8217;Ufficio consolare competente (quello di residenza dell&#8217;interessato o quello nella cui circoscrizione gli atti sono stati formati).<\/p>\n<p style=\"text-align: justify;\"><strong>Attenzione!<\/strong><br \/>\nPer la trascrizione degli atti di stato civile formati in Kazakhstan o Kyrgyzstan occorre presentare a questa Rappresentanza (<a href=\"mailto:astana.consolare@esteri.it\">astana.consolare@esteri.it<\/a>):<\/p>\n<p style=\"text-align: justify;\">&#8211; L&#8217;atto in originale apostillato (o sua copia conforme) e tradotto<br \/>\n&#8211; Una dichiarazione con la quale viene richiesta la trascrizione dell&#8217;atto con indicazione del Comune italiano nel quale dovr\u00e0 essere trascritto;<br \/>\n&#8211; Copia del\/dei documenti dell&#8217;\/degli interessato\/i.<\/p>\n<p>&nbsp;<\/p>\n<p><strong>NOVITA&#8217;!<\/strong><\/p>\n<p style=\"text-align: justify;\">I cittadini iscritti nelle anagrafi italiane, sia l\u2019Anagrafe Nazionale della Popolazione residente (APR) che l\u2019Anagrafe degli Italiani Residenti all\u2019Estero (AIRE), hanno ora la possibilit\u00e0 di richiedere direttamente online e gratuitamente diversi tipi di certificati anagrafici. Il rilascio di tali certificati pu\u00f2 essere ottenuto solo tramite un profilo di identit\u00e0 digitale (CIE, Spid o CNS), unica modalit\u00e0 in Italia per accedere ai servizi telematici erogati dalla Pubblica Amministrazione.<\/p>\n<p>Il sito al quale \u00e8 necessario connettersi e&#8217; <a href=\"https:\/\/www.anagrafenazionale.interno.it\/servizi-al-cittadino\/\">https:\/\/www.anagrafenazionale.interno.it\/servizi-al-cittadino\/<\/a>. I certificati ottenibili, per s\u00e9 oppure per i familiari conviventi anagraficamente, sono:<br \/>\n1. Anagrafico di nascita<br \/>\n2. Anagrafico di matrimonio<br \/>\n3. di Cittadinanza<br \/>\n4. di Esistenza in vita<br \/>\n5. di Residenza<br \/>\n6. di Residenza AIRE<br \/>\n7. di Stato civile<br \/>\n8. di Stato di famiglia<br \/>\n9. di Stato di famiglia e di stato civile<br \/>\n10. di Residenza in convivenza<br \/>\n11. di Stato di famiglia AIRE<br \/>\n12. di Stato di famiglia con rapporti di parentela<br \/>\n13. di Stato Libero<br \/>\n14. Anagrafico di Unione Civile<br \/>\n15. di Contratto di Convivenza<\/p>\n<p>&nbsp;<\/p>\n<p>_______<\/p>\n<p>Ultima modifica: 30\/03\/2026.<\/p>\n","protected":false},"excerpt":{"rendered":"Per informazioni in merito alla funzione di Ufficio di Stato Civile presso il Consolato, consultare l&#8217;apposita pagina del sito del Ministero degli Esteri. I cittadini italiani sono tenuti a dichiarare tutte le variazioni di stato civile (producendo i relativi atti o altra documentazione), che si verificano durante la loro permanenza all&#8217;estero, all&#8217;Ufficio consolare competente per [&hellip;]","protected":false},"author":1,"featured_media":0,"parent":47,"menu_order":4,"comment_status":"closed","ping_status":"closed","template":"","meta":{"footnotes":""},"class_list":["post-68","page","type-page","status-publish","hentry"],"_links":{"self":[{"href":"https:\/\/ambastana.esteri.it\/it\/wp-json\/wp\/v2\/pages\/68","targetHints":{"allow":["GET"]}}],"collection":[{"href":"https:\/\/ambastana.esteri.it\/it\/wp-json\/wp\/v2\/pages"}],"about":[{"href":"https:\/\/ambastana.esteri.it\/it\/wp-json\/wp\/v2\/types\/page"}],"author":[{"embeddable":true,"href":"https:\/\/ambastana.esteri.it\/it\/wp-json\/wp\/v2\/users\/1"}],"replies":[{"embeddable":true,"href":"https:\/\/ambastana.esteri.it\/it\/wp-json\/wp\/v2\/comments?post=68"}],"version-history":[{"count":6,"href":"https:\/\/ambastana.esteri.it\/it\/wp-json\/wp\/v2\/pages\/68\/revisions"}],"predecessor-version":[{"id":5773,"href":"https:\/\/ambastana.esteri.it\/it\/wp-json\/wp\/v2\/pages\/68\/revisions\/5773"}],"up":[{"embeddable":true,"href":"https:\/\/ambastana.esteri.it\/it\/wp-json\/wp\/v2\/pages\/47"}],"wp:attachment":[{"href":"https:\/\/ambastana.esteri.it\/it\/wp-json\/wp\/v2\/media?parent=68"}],"curies":[{"name":"wp","href":"https:\/\/api.w.org\/{rel}","templated":true}]}}