{"id":540,"date":"2023-09-21T11:58:07","date_gmt":"2023-09-21T05:58:07","guid":{"rendered":"https:\/\/ambastana.esteri.it\/?page_id=540"},"modified":"2023-09-21T11:58:07","modified_gmt":"2023-09-21T05:58:07","slug":"equipollenza-titoli","status":"publish","type":"page","link":"https:\/\/ambastana.esteri.it\/it\/italia-e-kazakhstan\/diplomazia-culturale\/lingua-e-cultura-italiana\/equipollenza-titoli\/","title":{"rendered":"Equipollenza titoli"},"content":{"rendered":"<p>I titoli di studio stranieri non sono automaticamente riconosciuti in Italia. I cittadini non italiani interessati al riconoscimento dell\u2019eguaglianza di valore e di efficacia (&#8220;equipollenza&#8221;) dei propri titoli di studio stranieri (conseguiti in Istituti di istruzione ufficialmente riconosciuti) ai corrispondenti titoli di studio italiani possono presentare una domanda tramite l\u2019Ufficio studenti del Consolato. I cittadini italiani si devono invece rivolgere direttamente ad un Provveditorato agli Studi italiano, ma sempre dopo aver richiesto all\u2019Ufficio studenti del Consolato l\u2019emissione della &#8220;Dichiarazione di valore&#8221;.<br \/>\nI titoli scolastici ottenuti all\u2019estero, una volta dichiarati equipollenti ai titoli italiani di corrispondente valore (terza media, diploma di scuola media superiore o laurea), hanno in Italia valore legale; questo significa, ad esempio, che la persona in possesso della cittadinanza italiana ha diritto a partecipare ai concorsi banditi dalla Pubblica Amministrazione italiana.<\/p>\n<p>I documenti che \u00e8 necessario presentare in Consolato per richiedere la dichiarazione di valore e l\u2019equipollenza del titolo di studio sono:<\/p>\n<p>&#8211; diploma o certificato in originale o debitamente reso ufficiale, munito del sigillo o del timbro a secco della scuola o dell\u2019istituzione universitaria e firmato in modo leggibile dal funzionario addetto;<\/p>\n<p>&#8211; traduzione del documento in italiano, fedele e conforme al testo originale. La traduzione pu\u00f2 essere eseguita dall\u2019interessato o da un traduttore; il Consolato pu\u00f2 riservarsi l\u2019approvazione delle traduzioni esibite dal richiedente.<\/p>\n<p>L&#8217;Ufficio consolare fornisce informazioni e assistenza per l&#8217;iscrizione a Scuole e Universit\u00e0 in Italia e rilascia le necessarie dichiarazioni di valore per i titoli conseguiti presso Scuole e Universit\u00e0 della circoscrizione consolare perch\u00e8 gli interessati possano ottenere l\u2019equipollenza dei titoli di studio primari e secondari con analoghi titoli italiani, l\u2019iscrizione a scuole ed Universit\u00e0 italiane, il riconoscimento in Italia degli studi universitari, l&#8217;attribuzione del codice fiscale italiano e l\u2019assegnazione di eventuali borse di studio.<\/p>\n<p>Tutte le richieste per gli studenti in Italia (dichiarazioni di valore, legalizzazioni, codice fiscale, informazioni ecc&#8230;) devono essere inviate alla seguente casella di posta elettronica: nursultan.studenti@esteri.it<\/p>\n","protected":false},"excerpt":{"rendered":"I titoli di studio stranieri non sono automaticamente riconosciuti in Italia. I cittadini non italiani interessati al riconoscimento dell\u2019eguaglianza di valore e di efficacia (&#8220;equipollenza&#8221;) dei propri titoli di studio stranieri (conseguiti in Istituti di istruzione ufficialmente riconosciuti) ai corrispondenti titoli di studio italiani possono presentare una domanda tramite l\u2019Ufficio studenti del Consolato. I cittadini [&hellip;]","protected":false},"author":4,"featured_media":0,"parent":101,"menu_order":3,"comment_status":"closed","ping_status":"closed","template":"","meta":{"footnotes":""},"class_list":["post-540","page","type-page","status-publish","hentry"],"_links":{"self":[{"href":"https:\/\/ambastana.esteri.it\/it\/wp-json\/wp\/v2\/pages\/540","targetHints":{"allow":["GET"]}}],"collection":[{"href":"https:\/\/ambastana.esteri.it\/it\/wp-json\/wp\/v2\/pages"}],"about":[{"href":"https:\/\/ambastana.esteri.it\/it\/wp-json\/wp\/v2\/types\/page"}],"author":[{"embeddable":true,"href":"https:\/\/ambastana.esteri.it\/it\/wp-json\/wp\/v2\/users\/4"}],"replies":[{"embeddable":true,"href":"https:\/\/ambastana.esteri.it\/it\/wp-json\/wp\/v2\/comments?post=540"}],"version-history":[{"count":2,"href":"https:\/\/ambastana.esteri.it\/it\/wp-json\/wp\/v2\/pages\/540\/revisions"}],"predecessor-version":[{"id":542,"href":"https:\/\/ambastana.esteri.it\/it\/wp-json\/wp\/v2\/pages\/540\/revisions\/542"}],"up":[{"embeddable":true,"href":"https:\/\/ambastana.esteri.it\/it\/wp-json\/wp\/v2\/pages\/101"}],"wp:attachment":[{"href":"https:\/\/ambastana.esteri.it\/it\/wp-json\/wp\/v2\/media?parent=540"}],"curies":[{"name":"wp","href":"https:\/\/api.w.org\/{rel}","templated":true}]}}