{"id":536,"date":"2023-09-21T11:52:39","date_gmt":"2023-09-21T05:52:39","guid":{"rendered":"https:\/\/ambastana.esteri.it\/?page_id=536"},"modified":"2023-09-21T11:52:39","modified_gmt":"2023-09-21T05:52:39","slug":"universita","status":"publish","type":"page","link":"https:\/\/ambastana.esteri.it\/it\/italia-e-kazakhstan\/diplomazia-culturale\/lingua-e-cultura-italiana\/universita\/","title":{"rendered":"Universit\u00e0"},"content":{"rendered":"<p><strong>IL SISTEMA UNIVERSITARIO ITALIANO<\/strong><\/p>\n<p>Le Universit\u00e0 italiane di moderna concezione sono nate nell\u2019 XI secolo e sono le pi\u00f9 antiche del mondo occidentale. \u00c8 grazie alla riorganizzazione del sistema accademico italiano che ha origine nel resto d\u2019Europa la nuova concezione d\u2019Istituzione Universitaria.<\/p>\n<p>L\u2019Italia \u00e8 all\u2019avanguardia in ogni campo dell\u2019insegnamento superiore e in particolare nei settori del design, dell\u2019architettura, delle scienze applicate e delle arti.<\/p>\n<p>Il Governo Italiano considera la Ricerca parte della strategia per mantenere alti gli standard nell\u2019ambito dello sviluppo tecnologico mondiale. La ricerca di base alimenta continuamente il sapere tecnologico e permette il progresso delle relazioni internazionali. L\u2019attivit\u00e0 italiana nel campo della ricerca scientifica Europea \u00e8 molto apprezzata soprattutto in materia di Energia, Ambiente e Trasporti.<\/p>\n<p>L\u2019attuale ordinamento universitario italiano permette, oltre a differenziare la formazione dello studente in base alle reali necessit\u00e0 di mercato, di avere un percorso pi\u00f9 naturale fino al mondo del lavoro grazie all\u2019obbligatoriet\u00e0, per alcuni corsi di laurea, di tirocini durante la vita accademica. Studiare in Italia offre tante opportunit\u00e0 di crescita e di successo, dalla vita accademica al mondo del lavoro.<\/p>\n<p><strong>IL PORTALE UNIVERSITALY<\/strong><\/p>\n<p>Per informazioni dettagliate\u00a0 sul sistema universitario italiano, sulle modalita&#8217; di accesso per gli studenti stranieri e sull&#8217;offerta accademica\u00a0 e di borse di studio degli atenei italiani si rinvia a <a href=\"http:\/\/www.universitaly.it\">www.universitaly.it<\/a><\/p>\n<p>Si tratta dell portale del Ministero dell&#8217;Istruzione, dell&#8217;Universit\u00e0 e della Ricerca, creato appositamente per accompagnare gli studenti nel loro percorso di studi.<\/p>\n<p>Il sito \u00e8 una vera e propria porta d\u2019ingresso che permette di entrare nel mondo dei corsi di laurea e istruzione superiore in Italia. E\u2019 rivolto agli studenti e alle famiglie degli studenti che frequentano le scuole superiori e che devono scegliere l\u2019universit\u00e0, agli studenti universitari che vogliono continuare gli studi, alle scuole superiori che vogliano monitorare la propria didattica e infine alle Universit\u00e0 che vogliono proporre in maniera chiara e funzionale la propria offerta formativa. Una comunicazione esaustiva, precisa e sempre aggiornata che permette di dare informazioni utili in maniera semplice ed efficace.<\/p>\n<p>&nbsp;<\/p>\n<p><strong>BORSE DI STUDIO DEL GOVERNO ITALIANO<\/strong><\/p>\n<p>Il Ministero degli Affari Esteri e della Cooperazione Internazionale (MAECI) offre borse di studio in favore di studenti stranieri e italiani residenti all\u2019estero (IRE) per l\u2019Anno Accademico 2021-2022, con l\u2019obiettivo di favorire la cooperazione in campo culturale, scientifico e tecnologico, la proiezione del sistema economico dell\u2019Italia nel mondo e la diffusione della conoscenza della lingua e cultura italiana (Rif. Legge 288\/55 e successive modifiche e integrazioni).<\/p>\n<p>La borsa di studio copre soltanto la frequenza di corsi sul territorio italiano.<\/p>\n<p>L\u2019elenco dell\u2019offerta formativa \u00e8 consultabile alla seguente pagina:<\/p>\n<p>Per il rilascio del visto ai candidati dei corsi di studio presso le universit\u00e0 italiane, la domanda di preiscrizione verr\u00e0 presentata attraverso il portale UNIVERSITALY, <a href=\"https:\/\/www.universitaly.it\/index.php\/\">https:\/\/www.universitaly.it\/index.php\/<\/a> \u00a0, secondo le indicazioni gi\u00e0 pervenute presso tutti gli atenei italiani.<\/p>\n<p>&nbsp;<\/p>\n<p><strong>BORSE DI STUDIO NELL&#8217;AMBITO DEL PROGRAMMA &#8220;INVEST YOUR TALENT IN ITALY&#8221;<\/strong><\/p>\n<p>Invest Your Talent in Italy \u00e8 un programma promosso dal Ministero degli Affari Esteri e della Cooperazione Internazionale in collaborazione con ICE \u2013 Agenzia per la promozione all\u2019estero e l\u2019internazionalizzazione delle imprese italiane e Uni-Italia, con il supporto di Unioncamere (Camere di Commercio d\u2019Italia) e Confindustria.<\/p>\n<p>Invest Your Talent in Italy propone una formazione completa, affiancando allo studio accademico, presso prestigiose universit\u00e0 italiane, un periodo di specializzazione professionale \u201csul campo\u201d(on-the-job training), attraverso lo svolgimento di un tirocinio presso un\u2019azienda italiana. Opportunit\u00e0 di borse di studio per gli studenti pi\u00f9 meritevoli, riduzioni\/esenzioni dal pagamento delle tasse universitarie, servizi di assistenza e tutoring per gli studenti arricchiscono l\u2019offerta del Programma.<\/p>\n<p>Per informazioni e per il bando completo e&#8217; possibile consultare il portale internet:<\/p>\n<p>https:\/\/investyourtalentapplication.esteri.it\/SitoInvestYourTalentApplication\/progetto.asp<\/p>\n<p>&nbsp;<\/p>\n<p><strong>INFORMAZIONI E ASSISTENZA<\/strong><\/p>\n<p><strong>L&#8217;Ufficio consolare fornisce informazioni e assistenza per l&#8217;iscrizione a Scuole e Universit\u00e0 in Italia e rilascia le necessarie dichiarazioni di valore per i titoli conseguiti presso Scuole e Universit\u00e0 della circoscrizione consolare perch\u00e8 gli interessati possano ottenere l\u2019equipollenza dei titoli di studio primari e secondari con analoghi titoli italiani, l\u2019iscrizione a scuole ed Universit\u00e0 italiane, il riconoscimento in Italia degli studi universitari e l\u2019assegnazione di borse di studio.<\/strong><\/p>\n<p>&nbsp;<\/p>\n","protected":false},"excerpt":{"rendered":"IL SISTEMA UNIVERSITARIO ITALIANO Le Universit\u00e0 italiane di moderna concezione sono nate nell\u2019 XI secolo e sono le pi\u00f9 antiche del mondo occidentale. \u00c8 grazie alla riorganizzazione del sistema accademico italiano che ha origine nel resto d\u2019Europa la nuova concezione d\u2019Istituzione Universitaria. L\u2019Italia \u00e8 all\u2019avanguardia in ogni campo dell\u2019insegnamento superiore e in particolare nei settori [&hellip;]","protected":false},"author":4,"featured_media":0,"parent":101,"menu_order":2,"comment_status":"closed","ping_status":"closed","template":"","meta":{"footnotes":""},"class_list":["post-536","page","type-page","status-publish","hentry"],"_links":{"self":[{"href":"https:\/\/ambastana.esteri.it\/it\/wp-json\/wp\/v2\/pages\/536","targetHints":{"allow":["GET"]}}],"collection":[{"href":"https:\/\/ambastana.esteri.it\/it\/wp-json\/wp\/v2\/pages"}],"about":[{"href":"https:\/\/ambastana.esteri.it\/it\/wp-json\/wp\/v2\/types\/page"}],"author":[{"embeddable":true,"href":"https:\/\/ambastana.esteri.it\/it\/wp-json\/wp\/v2\/users\/4"}],"replies":[{"embeddable":true,"href":"https:\/\/ambastana.esteri.it\/it\/wp-json\/wp\/v2\/comments?post=536"}],"version-history":[{"count":1,"href":"https:\/\/ambastana.esteri.it\/it\/wp-json\/wp\/v2\/pages\/536\/revisions"}],"predecessor-version":[{"id":537,"href":"https:\/\/ambastana.esteri.it\/it\/wp-json\/wp\/v2\/pages\/536\/revisions\/537"}],"up":[{"embeddable":true,"href":"https:\/\/ambastana.esteri.it\/it\/wp-json\/wp\/v2\/pages\/101"}],"wp:attachment":[{"href":"https:\/\/ambastana.esteri.it\/it\/wp-json\/wp\/v2\/media?parent=536"}],"curies":[{"name":"wp","href":"https:\/\/api.w.org\/{rel}","templated":true}]}}