{"id":532,"date":"2023-09-21T11:48:16","date_gmt":"2023-09-21T05:48:16","guid":{"rendered":"https:\/\/ambastana.esteri.it\/?page_id=532"},"modified":"2023-09-21T11:48:16","modified_gmt":"2023-09-21T05:48:16","slug":"scuole","status":"publish","type":"page","link":"https:\/\/ambastana.esteri.it\/it\/italia-e-kazakhstan\/diplomazia-culturale\/lingua-e-cultura-italiana\/scuole\/","title":{"rendered":"Scuole"},"content":{"rendered":"<p class=\"boxLevel03\"><strong>SISTEMA EDUCATIVO IN ITALIA<\/strong><\/p>\n<p>Il sistema educativo italiano\u00a0 \u00e8 organizzato come segue:<\/p>\n<p>\u25aasistema integrato zero-sei anni, non obbligatorio, della durata complessiva di 6 anni, articolato in<br \/>\n&#8211; servizi educativi per l\u2019infanzia\u00b8 gestiti dagli Enti locali, direttamente o attraverso la stipula di convenzioni, da altri enti pubblici o dai privati, che accolgono i bambini tra i tre e i trentasei mesi;<br \/>\n&#8211; scuola dell\u2019infanzia, che pu\u00f2 essere gestita dallo Stato, dagli Enti locali, direttamente o attraverso la stipula di convenzioni, da altri enti pubblici o dai privati, che accoglie i bambini tra i tre e i sei anni;<\/p>\n<p>\u25aaprimo ciclo di istruzione, obbligatorio, della durata complessiva di 8 anni, articolato in<\/p>\n<p>&#8211; scuola primaria\u00b8 di durata quinquennale, per le alunne e gli alunni da 6 a 11 anni;<\/p>\n<p>-scuola secondaria di primo grado, di durata triennale, per le alunne e gli alunni da 11 a 14 anni;<\/p>\n<p>\u25aasecondo ciclo di istruzione articolato in due tipologie di percorsi:<br \/>\n&#8211; scuola secondaria di secondo grado, di durata quinquennale, per le studentesse e gli studenti che hanno concluso positivamente il primo ciclo di istruzione. Le scuole organizzano percorsi di liceo, di istituti tecnici e di istituti professionali per le studentesse e gli studenti da 14 a 19 anni;<br \/>\n&#8211; percorsi triennali e quadriennali di istruzione e formazione professionale(IeFP) di competenza regionale, rivolti sempre alle studentesse e agli studenti che hanno concluso positivamente il primo ciclo di istruzione.<\/p>\n<p>\u25aaistruzione superiore offerta dalle Universit\u00e0, dalle istituzioni dell&#8217;Alta Formazione Artistica, Musicale e Coreutica (AFAM) e dagli istituti tecnici Superiori (ITS) con diverse tipologie di percorsi:<\/p>\n<p>&#8211; percorsi di istruzione terziaria offerti dalle Universit\u00e0<br \/>\n&#8211; percorsi di istruzione terziaria offerti dalle istituzioni dell&#8217;AFAM (Alta Formazione Artistica, Musicale e Coreutica)<br \/>\n&#8211; percorsi di formazione terziaria professionalizzante offerti dagli ITS (Istituti Tecnici Superiori)<\/p>\n<p>L&#8217;istruzione obbligatoria<\/p>\n<p>L&#8217;istruzione obbligatoria ha la durata di 10 anni, da 6 a 16 anni di et\u00e0, e comprende gli otto anni del primo ciclo di istruzione e i primi due anni del secondo ciclo (Legge 296 del 2006), che possono essere frequentati nella scuola secondaria di secondo grado \u2013 statale \u2013 o nei percorsi di istruzione e formazione professionale regionale.<\/p>\n<p>Inoltre, per tutti i giovani si applica il diritto\/dovere di istruzione e formazione per almeno 12 anni o, comunque, sino al conseguimento di una qualifica professionale triennale entro il 18\u00b0 anno di et\u00e0 in base a quanto previsto dalla legge n.53\/2003.<\/p>\n<p>L&#8217;istruzione obbligatoria pu\u00f2 essere realizzata nelle scuole statali e nelle scuole paritarie (legge 62 del 2000), che costituiscono il sistema pubblico di istruzione, ma pu\u00f2 essere assolta anche nelle scuole non paritarie (legge 27 del 2006) o attraverso l&#8217;istruzione familiare. In questi ultimi due casi, per\u00f2, l&#8217;assolvimento dell&#8217;obbligo di istruzione deve sottostare ad una serie di condizioni, quali l&#8217;effettuazione di esami di idoneit\u00e0.<\/p>\n<p>I genitori delle alunne e degli alunni, o chi esercita la responsabilit\u00e0 genitoriale, sono responsabili dell&#8217;adempimento dell&#8217;obbligo di istruzione dei minori, mentre alla vigilanza sull&#8217;adempimento dell&#8217;obbligo provvedono i Comuni di residenza e i dirigenti scolastici delle scuole in cui sono iscritti le alunne e gli alunni.<\/p>\n<p>A conclusione del periodo di istruzione obbligatoria, solitamente previsto al termine del secondo anno di scuola secondaria di secondo grado, in caso lo studente non prosegua gli studi viene rilasciata una certificazione delle competenze acquisite (Decreto ministeriale 139 del 2007).<\/p>\n<p>Dopo il superamento dell&#8217;esame di Stato conclusivo dell&#8217;istruzione secondaria di secondo grado, lo studente pu\u00f2 accedere ai corsi di istruzione terziaria (universit\u00e0, Afam e ITS). Alcuni corsi universitari sono a numero chiuso e gli studenti devono superare un test di accesso.<\/p>\n<p>Istruzione non statale<\/p>\n<p>L&#8217;articolo 33 della Costituzione italiana stabilisce due principi fondamentali: l&#8217;obbligo, per lo Stato, di offrire un sistema scolastico statale a tutti i giovani e il diritto, per le persone fisiche e giuridiche, di creare scuole e istituti di educazione senza oneri per lo Stato.<\/p>\n<p>Le scuole paritarie sono abilitate a rilasciare titoli di studio aventi lo stesso valore legale di quelli delle corrispondenti scuole statali; hanno piena libert\u00e0 per quanto concerne l&#8217;orientamento culturale e l&#8217;indirizzo pedagogico-didattico e usufruiscono di un pi\u00f9 favorevole trattamento fiscale se non hanno fini di lucro.<\/p>\n<p>Un elenco completo di <a href=\"http:\/\/archivio.pubblica.istruzione.it\/anagrafica_scuole\/statali.shtml\" target=\"_blank\" rel=\"noopener\"><strong>Scuole Elementari, Medie e dei Licei Italiani<\/strong> <strong>statali<\/strong><\/a> \u00e8 costantemente aggiornato dal Ministero dell\u2019Istruzione, dell\u2019Universit\u00e0 e della Ricerca.<\/p>\n<p>Un elenco completo di <a href=\"http:\/\/archivio.pubblica.istruzione.it\/anagrafica_scuole\/non_statali.shtml\" target=\"_blank\" rel=\"noopener\"><strong>Scuole Elementari, Scuole Medie e dei Licei Italiani<\/strong> <strong>non<\/strong> <strong>statali<\/strong><\/a> \u00e8 consultabile nel sito ufficiale del MIUR.<\/p>\n<p>L&#8217;Ufficio consolare fornisce informazioni e assistenza per l&#8217;iscrizione a Scuole e Universit\u00e0 in Italia e rilascia le necessarie dichiarazioni di valore per i titoli conseguiti presso Scuole e Universit\u00e0 della circoscrizione consolare perch\u00e8 gli interessati possano ottenere l\u2019equipollenza dei titoli di studio primari e secondari con analoghi titoli italiani, l\u2019iscrizione a scuole ed Universit\u00e0 italiane, il riconoscimento in Italia degli studi universitari, l&#8217;attribuzione del codice fiscale italiano e l\u2019assegnazione di eventuali borse di studio.<\/p>\n","protected":false},"excerpt":{"rendered":"SISTEMA EDUCATIVO IN ITALIA Il sistema educativo italiano\u00a0 \u00e8 organizzato come segue: \u25aasistema integrato zero-sei anni, non obbligatorio, della durata complessiva di 6 anni, articolato in &#8211; servizi educativi per l\u2019infanzia\u00b8 gestiti dagli Enti locali, direttamente o attraverso la stipula di convenzioni, da altri enti pubblici o dai privati, che accolgono i bambini tra i [&hellip;]","protected":false},"author":4,"featured_media":0,"parent":101,"menu_order":1,"comment_status":"closed","ping_status":"closed","template":"","meta":{"footnotes":""},"class_list":["post-532","page","type-page","status-publish","hentry"],"_links":{"self":[{"href":"https:\/\/ambastana.esteri.it\/it\/wp-json\/wp\/v2\/pages\/532","targetHints":{"allow":["GET"]}}],"collection":[{"href":"https:\/\/ambastana.esteri.it\/it\/wp-json\/wp\/v2\/pages"}],"about":[{"href":"https:\/\/ambastana.esteri.it\/it\/wp-json\/wp\/v2\/types\/page"}],"author":[{"embeddable":true,"href":"https:\/\/ambastana.esteri.it\/it\/wp-json\/wp\/v2\/users\/4"}],"replies":[{"embeddable":true,"href":"https:\/\/ambastana.esteri.it\/it\/wp-json\/wp\/v2\/comments?post=532"}],"version-history":[{"count":1,"href":"https:\/\/ambastana.esteri.it\/it\/wp-json\/wp\/v2\/pages\/532\/revisions"}],"predecessor-version":[{"id":533,"href":"https:\/\/ambastana.esteri.it\/it\/wp-json\/wp\/v2\/pages\/532\/revisions\/533"}],"up":[{"embeddable":true,"href":"https:\/\/ambastana.esteri.it\/it\/wp-json\/wp\/v2\/pages\/101"}],"wp:attachment":[{"href":"https:\/\/ambastana.esteri.it\/it\/wp-json\/wp\/v2\/media?parent=532"}],"curies":[{"name":"wp","href":"https:\/\/api.w.org\/{rel}","templated":true}]}}