{"id":49,"date":"2023-04-11T18:13:11","date_gmt":"2023-04-11T16:13:11","guid":{"rendered":"https:\/\/ambasciatapraga.esteri.it\/?page_id=49"},"modified":"2025-11-07T12:46:51","modified_gmt":"2025-11-07T06:46:51","slug":"passaporti-e-carte-didentita","status":"publish","type":"page","link":"https:\/\/ambastana.esteri.it\/it\/servizi-consolari-e-visti\/servizi-per-il-cittadino-italiano\/passaporti-e-carte-didentita\/","title":{"rendered":"Passaporti e Carte d\u2019identit\u00e0"},"content":{"rendered":"<div class=\"entry-content\">\n<p><strong>Passaporti<br \/>\n<\/strong><\/p>\n<p style=\"text-align: justify;\">Si informano i connazionali, genitori di figli minori, che a partire dal 14 giugno 2023 <strong>non sar\u00e0 pi\u00f9 necessario presentare l\u2019atto di assenso dell\u2019altro genitore<\/strong> ai fini del rilascio del proprio documento d\u2019identit\u00e0 (passaporto e CIE), ai sensi del D.L. 69\/2023.<\/p>\n<p style=\"text-align: justify;\">Nello specifico il novellato articolo 3-bis della L. 1185\/1967 indica che, quando vi \u00e8 concreto e attuale pericolo che a causa del trasferimento all&#8217;estero questo possa sottrarsi all&#8217;adempimento dei suoi obblighi verso i figli, sar\u00e0 possibile per l\u2019altro genitore richiedere una inibitoria al rilascio del documento.<\/p>\n<p style=\"text-align: justify;\">L\u2019istanza potr\u00e0 essere presentata presso il giudice competente presso il Tribunale ordinario in cui il minore ha la residenza abituale ovvero, se il minore \u00e8 residente all\u2019estero, il Tribunale nel cui circondario si trova il suo Comune di iscrizione AIRE.<\/p>\n<p style=\"text-align: justify;\">Ai fini del rilascio dei documenti per i minori, invece, resta l\u2019obbligo dell\u2019assenso firmato da entrambi i genitori o da chi esercita la responsabilit\u00e0 genitoriale.<\/p>\n<p><strong>Per informazioni sui passaporti, consultare l&#8217;apposita <\/strong><strong><a href=\"http:\/\/www.esteri.it\/MAE\/IT\/Italiani_nel_Mondo\/ServiziConsolari\/Documenti_di_Viaggio\/Passaporto.htm\">pagina <\/a><\/strong><strong>del sito del Ministero degli Esteri.<\/strong><strong><br \/>\n<\/strong><strong>Per informazioni su\u00a0&#8220;Documento di viaggio provvisorio&#8221; (ETD) e Carta d&#8217;identit\u00e0, consultare le rispettive <\/strong><strong><a href=\"http:\/\/www.esteri.it\/MAE\/IT\/Italiani_nel_Mondo\/ServiziConsolari\/Documenti_di_Viaggio\/ETD.htm\">pagine<\/a> <\/strong><strong>del sito del Ministero degli Esteri.<\/strong><\/p>\n<p><strong>Carta di identit\u00e0<\/strong><\/p>\n<p style=\"text-align: justify;\">Per informazioni di carattere generale sulla carta d\u2019identit\u00e0, si prega di visitare il\u00a0<em><a href=\"http:\/\/www.esteri.it\/MAE\/IT\/Italiani_nel_Mondo\/ServiziConsolari\/Documenti_di_Viaggio\/\">sito web del Ministero degli Affari Esteri e della Cooperazione Internazionale<\/a>.\u00a0<\/em><\/p>\n<p style=\"text-align: justify;\">Questa Ambasciata non pu\u00f2 provvedere al rilascio di carte di identit\u00e0 ne elettroniche ne cartacee. La carta di identit\u00e0 pu\u00f2 essere richiesta esclusivamente al proprio Comune di iscrizione AIRE.<\/p>\n<p style=\"text-align: justify;\"><span style=\"font-size: 10.5pt; font-family: 'Segoe UI',sans-serif; color: black;\">Si informa la gentile utenza che, a partire dal 3 agosto 2026, la Carta d\u2019Identit\u00e0 Cartacea (CIC) cesser\u00e0 di essere valida, indipendentemente dalla data di scadenza riportata sulla stessa.<br \/>\nI connazionali sono pertanto invitati a munirsi della nuova Carta d\u2019Identit\u00e0 Elettronica (CIE).<br \/>\nLa richiesta della CIE potr\u00e0 essere effettuata tramite il portale Prenot@mi.<br \/>\nPer ulteriori informazioni consulta link dell\u2019Ambasciata in bio\u00a0<\/span><span style=\"font-size: 10.0pt; font-family: 'Helvetica',sans-serif; color: black;\"><a href=\"https:\/\/www.instagram.com\/p\/DQY3n0DDP7X\/\" target=\"_blank\" rel=\"noopener\">https:\/\/www.instagram.com\/p\/DQY3n0DDP7X\/<\/a><\/span><\/p>\n<\/div>\n<footer class=\"entry-footer\"><\/footer>\n","protected":false},"excerpt":{"rendered":"Passaporti Si informano i connazionali, genitori di figli minori, che a partire dal 14 giugno 2023 non sar\u00e0 pi\u00f9 necessario presentare l\u2019atto di assenso dell\u2019altro genitore ai fini del rilascio del proprio documento d\u2019identit\u00e0 (passaporto e CIE), ai sensi del D.L. 69\/2023. Nello specifico il novellato articolo 3-bis della L. 1185\/1967 indica che, quando vi [&hellip;]","protected":false},"author":1,"featured_media":0,"parent":47,"menu_order":0,"comment_status":"closed","ping_status":"closed","template":"","meta":{"footnotes":""},"class_list":["post-49","page","type-page","status-publish","hentry"],"_links":{"self":[{"href":"https:\/\/ambastana.esteri.it\/it\/wp-json\/wp\/v2\/pages\/49","targetHints":{"allow":["GET"]}}],"collection":[{"href":"https:\/\/ambastana.esteri.it\/it\/wp-json\/wp\/v2\/pages"}],"about":[{"href":"https:\/\/ambastana.esteri.it\/it\/wp-json\/wp\/v2\/types\/page"}],"author":[{"embeddable":true,"href":"https:\/\/ambastana.esteri.it\/it\/wp-json\/wp\/v2\/users\/1"}],"replies":[{"embeddable":true,"href":"https:\/\/ambastana.esteri.it\/it\/wp-json\/wp\/v2\/comments?post=49"}],"version-history":[{"count":6,"href":"https:\/\/ambastana.esteri.it\/it\/wp-json\/wp\/v2\/pages\/49\/revisions"}],"predecessor-version":[{"id":4552,"href":"https:\/\/ambastana.esteri.it\/it\/wp-json\/wp\/v2\/pages\/49\/revisions\/4552"}],"up":[{"embeddable":true,"href":"https:\/\/ambastana.esteri.it\/it\/wp-json\/wp\/v2\/pages\/47"}],"wp:attachment":[{"href":"https:\/\/ambastana.esteri.it\/it\/wp-json\/wp\/v2\/media?parent=49"}],"curies":[{"name":"wp","href":"https:\/\/api.w.org\/{rel}","templated":true}]}}