{"id":44,"date":"2023-04-11T18:10:45","date_gmt":"2023-04-11T16:10:45","guid":{"rendered":"https:\/\/ambasciatapraga.esteri.it\/?page_id=44"},"modified":"2024-03-22T15:27:10","modified_gmt":"2024-03-22T09:27:10","slug":"diplomazia-culturale","status":"publish","type":"page","link":"https:\/\/ambastana.esteri.it\/it\/italia-e-kazakhstan\/diplomazia-culturale\/","title":{"rendered":"Diplomazia culturale"},"content":{"rendered":"<p style=\"text-align: justify;\"><strong>Promozione della cultura italiana in Kazakistan<\/strong><\/p>\n<p style=\"text-align: justify;\">I proventi originati dallo sfruttamento dei vasti giacimenti di materie prime presenti nel Paese hanno consentito al Kazakistan un notevole incremento del PIL pro capite e determinato la formazione, specialmente nei principali nuclei urbani, di una classe media propensa alla fruizione di un sempre maggior numero di beni e servizi importati dall\u2019Europa.<\/p>\n<p style=\"text-align: justify;\">Attualmente, una crescente percentuale dei 20 milioni di cittadini kazaki \u00e8 interessata alla cultura europea e ha la possibilit\u00e0 di recarsi in Europa per turismo, studio o affari. Analogamente a quanto accade in diversi altri Paesi dello spazio CSI, in Kazakistan (e in parte anche in Kirghizistan) permane un elevato interesse da parte del pubblico e delle nuove generazioni verso la musica, le arti visive e la cultura in generale, ambiti in cui l\u2019Italia viene comunemente identificata come uno dei principali modelli di riferimento. Tale fenomeno \u00e8 particolarmente accentuato nelle due principali citt\u00e0 del Paese, Almaty e Astana, in cui, parallelamente alla crescita economica e alla formazione di una sempre pi\u00f9 consistente classe media, \u00e8 cresciuta anche l\u2019attenzione verso lo stile di vita italiano, stimolata dalla presenza di gruppi italiani operanti nello strategico settore energetico (gruppo ENI e diverse decine di PMI) e ampiamente testimoniata da una sempre maggiore penetrazione in questo mercato dei prodotti simbolo del \u201cMade in Italy\u201d (agroalimentare, sistema moda, arredo-design), dalla moltiplicazione di attivit\u00e0 di ristorazione, negozi di marche o con insegne italiane, dalle sempre pi\u00f9 intense collaborazioni tra istituzioni teatrali locali e italiane, dall\u2019incremento dei visti per studio rilasciati dall\u2019Ambasciata e dall\u2019elevato numero di candidature ricevute per le borse di studio messe a disposizione nei programmi nazionali.<\/p>\n<p style=\"text-align: justify;\"><strong>Istituto Italiano di Cultura di Almaty<\/strong><\/p>\n<p style=\"text-align: justify;\">Anche alla luce di questi tangibili segnali di interesse della societ\u00e0 locale verso la nostra lingua e la nostra cultura e del potenziale di crescita in questi settori, il MAECI ha deciso di arricchire il \u201cSistema Italia\u201d in Kazakistan grazie all\u2019apertura ad Almaty del primo <a href=\"https:\/\/italiana.esteri.it\/italiana\/sedi\/istituto-italiano-di-cultura-di-almaty\">Istituto Italiano di Cultura<\/a> dell\u2019intera regione dell\u2019Asia Centrale, <a href=\"https:\/\/ambastana.esteri.it\/it\/news\/dall_ambasciata\/2023\/11\/inaugurazione-dellistituto-italiano-di-cultura-di-almaty-30-11-2023\/\">inaugurato nel novembre 2023<\/a>. Si tratta di un passaggio fondamentale per la promozione della lingua italiana che di certo risponder\u00e0 alla forte richiesta di lingua e cultura italiana e che potr\u00e0 svolgere il ruolo di\u00a0polo\u00a0di diffusione della lingua e della cultura nazionale in tutta la regione dell\u2019Asia Centrale. Allo stesso modo, il nuovo Istituto potenzier\u00e0 le attivit\u00e0 culturali e promozionali condotte dall\u2019Ambasciata nel corso degli ultimi anni per facilitare lo sviluppo di una struttura di rete in grado di convogliare in maniera sistematica l\u2019interesse delle nuove generazioni kazake verso lo studio della lingua e della cultura italiana attraverso vari strumenti: 1) la valorizzazione delle attivit\u00e0 di insegnamento dell\u2019italiano, gi\u00e0 avviate in diversi atenei kazaki nel corso degli ultimi anni (10 atenei per circa 1500 studenti) e in alcune scuole kazake; 2) lo stimolo alla nascita di iniziative private per la diffusione della nostra lingua, 3) la promozione continua e diffusa sul territorio del sistema universitario nazionale e dei programmi di borse di studio messi a disposizione dalle istituzioni italiane; 4) la moltiplicazione del numero di iniziative culturali di marca italiana in tutto il territorio kazako, con l\u2019utilizzo delle risorse del Piano Straordinario \u201cVivere All\u2019Italiana\u201d.<\/p>\n<p style=\"text-align: justify;\">Sul piano delle intese intergovernative va segnalato l\u2019Accordo di cooperazione culturale e scientifica sottoscritto nel 1997.<\/p>\n<p style=\"text-align: justify;\"><strong><br \/>\nPromozione della lingua italiana<\/strong><\/p>\n<p style=\"text-align: justify;\">Il trilinguismo (kazako, russo, inglese) introdotto capillarmente nel sistema educativo kazako inevitabilmente ha penalizzato l\u2019insegnamento di lingue come l\u2019italiano, la cui diffusione ha quindi conosciuto un relativo declino negli ultimi anni nonostante il forte interesse dei giovani kazaki per la cultura italiana e per i possibili sbocchi lavorativi presso le imprese italiane installate nel Paese. Pur con i limitati mezzi a disposizione occorre quindi un approccio integrato alla promozione linguistica che miri a consolidare dei \u201cpoli\u201d qualificati di insegnamento nelle maggiori citt\u00e0.<\/p>\n<p style=\"text-align: justify;\">Attualmente vi sono corsi di italiano ad Astana presso l\u2019Universit\u00e0 Euroasiatica Gumilyov, l\u2019Universit\u00e0 delle Arti, l\u2019Astana IT University, l\u2019Universit\u00e0 KAZGUU, la Business e\u00a0Information Technology University; ad Almaty presso l\u2019Universit\u00e0 Ablay Khan, la University of International Business, l\u2019Universit\u00e0 Al Fahrabi e l\u2019Accademia delle Arti; presso le Universit\u00e0 di Uralsk, Aktobe, Shymkent e Potrapavl e ad Atyrau presso l\u2019Universit\u00e0 Oil and Gas. Vanno segnalati in particolare l\u2019apertura presso l\u2019Universit\u00e0 Al Fahrabi di Almaty di un centro di studio delle lingue romanze (presenti al momento italiano e spagnolo), mentre un \u201cangolo italiano\u201d \u00e8 stato inaugurato a fine 2017 presso la Biblioteca Nazionale di Astana grazie alla fornitura di testi di letteratura da parte del MAECI. In parallelo un accordo con l\u2019Universit\u00e0 Al Fahrabi di Almaty prevede l\u2019apertura presso l\u2019Universit\u00e0 Ca\u2019Foscari di Venezia di un centro di lingua e cultura kazaka.<\/p>\n<p style=\"text-align: justify;\">Nel gennaio 2018 ha preso il via, primo caso del genere in Kazakistan, l\u2019insegnamento dell\u2019italiano in una scuola media superiore, il liceo artistico statale n.199 di Almaty, che gode altres\u00ec di un contributo del MAECI.<\/p>\n<p style=\"text-align: justify;\">Il Ministero degli Esteri italiano, su richiesta delle istituzioni locali e previo parere dell\u2019Ambasciata, fornisce annualmente dei contributi per sostenere le cattedre d\u2019italiano istituite presso le Universit\u00e0. Nel quadro dell\u2019azione di sostegno alla promozione della lingua italiana rientrano anche le borse di studio messe a disposizione dal Ministero degli Affari Esteri per la frequenza di corsi di lingua.<\/p>\n<p style=\"text-align: justify;\">L\u2019insegnamento della lingua italiana viene svolto, oltre che in ambito universitario, anche attraverso l\u2019attivit\u00e0 ad Almaty del locale Comitato Dante Alighieri\/Centro Italia e vi sono altri istituti privati di insegnamento sia ad Astana che ad Almaty.<\/p>\n","protected":false},"excerpt":{"rendered":"Promozione della cultura italiana in Kazakistan I proventi originati dallo sfruttamento dei vasti giacimenti di materie prime presenti nel Paese hanno consentito al Kazakistan un notevole incremento del PIL pro capite e determinato la formazione, specialmente nei principali nuclei urbani, di una classe media propensa alla fruizione di un sempre maggior numero di beni e [&hellip;]","protected":false},"author":1,"featured_media":0,"parent":14,"menu_order":2,"comment_status":"closed","ping_status":"closed","template":"","meta":{"footnotes":""},"class_list":["post-44","page","type-page","status-publish","hentry"],"_links":{"self":[{"href":"https:\/\/ambastana.esteri.it\/it\/wp-json\/wp\/v2\/pages\/44","targetHints":{"allow":["GET"]}}],"collection":[{"href":"https:\/\/ambastana.esteri.it\/it\/wp-json\/wp\/v2\/pages"}],"about":[{"href":"https:\/\/ambastana.esteri.it\/it\/wp-json\/wp\/v2\/types\/page"}],"author":[{"embeddable":true,"href":"https:\/\/ambastana.esteri.it\/it\/wp-json\/wp\/v2\/users\/1"}],"replies":[{"embeddable":true,"href":"https:\/\/ambastana.esteri.it\/it\/wp-json\/wp\/v2\/comments?post=44"}],"version-history":[{"count":4,"href":"https:\/\/ambastana.esteri.it\/it\/wp-json\/wp\/v2\/pages\/44\/revisions"}],"predecessor-version":[{"id":3200,"href":"https:\/\/ambastana.esteri.it\/it\/wp-json\/wp\/v2\/pages\/44\/revisions\/3200"}],"up":[{"embeddable":true,"href":"https:\/\/ambastana.esteri.it\/it\/wp-json\/wp\/v2\/pages\/14"}],"wp:attachment":[{"href":"https:\/\/ambastana.esteri.it\/it\/wp-json\/wp\/v2\/media?parent=44"}],"curies":[{"name":"wp","href":"https:\/\/api.w.org\/{rel}","templated":true}]}}