{"id":1940,"date":"2023-10-11T16:37:00","date_gmt":"2023-10-11T10:37:00","guid":{"rendered":"https:\/\/ambastana.esteri.it\/?page_id=1940"},"modified":"2023-10-19T15:20:34","modified_gmt":"2023-10-19T09:20:34","slug":"italia-e-kyrgyzstan","status":"publish","type":"page","link":"https:\/\/ambastana.esteri.it\/it\/italia-e-kyrgyzstan\/","title":{"rendered":"Italia e Kyrgyzstan"},"content":{"rendered":"<p style=\"text-align: justify;\">I rapporti diplomatici tra Italia e Repubblica Kirghisa vennero formalizzati il 24 marzo 1992. Sono rapporti di amicizia anche se di limitata entit\u00e0 sotto il profilo economico e sociale. Il Paese rappresenta infatti un mercato limitato per l\u2019export italiano, ma nell\u2019ultimo biennio si \u00e8 assistito ad un certo incremento specie per beni di consumo, macchinari e materiali da costruzioni anche nel contesto dei progetti co-finanziati dal Fondo di Sviluppo russo-kirghiso.<\/p>\n<p style=\"text-align: justify;\">Dal 2013 l\u2019Ambasciata ha promosso numerose iniziative di promozione culturale a Bishkek, di cui alla sezione \u201cNews\u201d. In alcune Universit\u00e0 kirghise si tengono corsi di italiano e da ultimo si \u00e8 registrato un interesse ad intese per scambi di studenti e docenti da parte di Universit\u00e0 italiane quali Trento e Bologna.<\/p>\n<p style=\"text-align: justify;\">Dopo un\u2019interruzione di 3 anni, nell\u2019a.a. 2017\/18 il Ministero degli Esteri italiano \u00e8 tornato ad includere il Kyrgyzstan tra i Paesi beneficiari di borse di studio, assegnando 18 mensilit\u00e0 in favore di studenti kirghisi.<\/p>\n<p style=\"text-align: justify;\"><strong>Kyrgyzstan<\/strong><\/p>\n<p style=\"text-align: justify;\">Indipendente dal 1991, il Kyrgyzstan ha una superficie di quasi 200 mila kmq e una popolazione di circa 5,7 milioni di abitanti, in maggioranza di etnia kirghisa e con forti minoranze uzbeka (14%) e russa (9%).<br \/>\nPaese in larga parte montagnoso e privo di consistenti riserve di idrocarburi, il Kyrgyzstan ha un\u2019attivit\u00e0 economica piuttosto ridotta, la principale risorsa essendo i giacimenti di metalli preziosi (a partire dall\u2019oro). Il PIL \u00e8 di poco superiore ai 7 miliardi di dollari e quello individuale (1263 dollari) \u00e8 tra i pi\u00f9 bassi a livello mondiale.<br \/>\nRepubblica parlamentare dal 2010, il Paese ha conosciuto negli anni dall\u2019indipendenza ripetute tensioni politiche, inter-etniche e sociali. Si sono peraltro svolte il 15 ottobre 2017 in un clima di tranquillit\u00e0 le elezioni per eleggere il successore del Presidente Almazbek Atambayev, in carica dal 30 ottobre 2011. Con il 54% dei voti ha vinto il candidato del partito di maggioranza (socialdemocratico), Sooronbai Jeenbekov.<br \/>\nAtambayev aveva promosso l\u2019ingresso del\u00a0Paese nell\u2019Unione Economica Euro-asiatica con Federazione Russa, Bielorussia e Kazakhstan, il Trattato di adesione \u00e8 stato sottoscritto nel dicembre 2014 ed \u00e8 entrato in vigore ad agosto 2015.<br \/>\nI rapporti con la Russia sono di prioritario rilievo per il Paese che pure ha spesso affermato l\u2019adesione al principio della \u201cmultivettorialit\u00e0\u201d in politica estera. In secondo luogo la Cina, dei cui prodotti il Paese \u00e8 stato a lungo il principale canale di transito e distribuzione in Asia Centrale. All\u2019Unione Europea viene chiesto sostegno per l&#8217;attuazione di politiche di sviluppo economico e sono rilevanti i fondi di assistenza assegnati da Bruxelles anche per il sostegno macroeconomico. A fine 2017 Bruxelles ha accolto la richiesta kirghisa di avviare i negoziati per un pi\u00f9 avanzato Accordo di Partenariato.<br \/>\nFino al 2016 vi erano state forti tensioni con l\u2019Uzbekistan legate sia all\u2019utilizzo delle acque transfrontaliere che alla delimitazione dei confini . La situazione \u00e8 nettamente migliorata con l\u2019arrivo al potere in Uzbekistan a fine 2016 del Presidente Mirziyoyev che ha promosso una politica di buon vicinato, culminata con uno scambio di visite a livello presidenziale e la firma di un Accordo sulla delimitazione dei confini.<br \/>\nIl Kyrgyzstan \u00e8 stata la prima tra le ex-Repubbliche sovietiche ad accedere all&#8217;Organizzazione Mondiale del Commercio nel 1998 anche se la sua economia rimane fragile e soggetta a shock esterni. Il Kyrgyzstan dipende in misura rilevante dall&#8217;esportazione delle poche materie prime di cui \u00e8 provvisto, in particolare oro, carbone, uranio e antimonio. Per l&#8217;approvvigionamento di petrolio e di gas dipende quasi interamente dai Paesi vicini.<br \/>\nSecondo dati EIU del 2013, i principali importatori dal Kyrgyzstan sono Svizzera, Russia, Uzbekistan e Kazakhstan mentre i principali esportatori sono Russia, Cina, Kazakhstan e Uzbekistan. Un importante ruolo nella politica economica internazionale del Kyrgyzstan \u00e8 anche svolto dalle relazioni con le Istituzioni Finanziarie Internazionali, da cui il Governo di Bishkek dipende per fare fronte alle proprie necessit\u00e0 di spesa e onorare le scadenze del debito pubblico.<br \/>\nLe rimesse degli emigrati rappresentano una parte essenziale dell&#8217;economia del Paese (stimate in quasi il 30% del PIL), considerando che, solo in Russia, vivono circa un milione di lavoratori kirghisi. L\u2019Indice di Sviluppo Umano del Kyrgyzstan calcolato dall\u2019UNDP per il 2015 \u00e8 0,664, e colloca il Paese al 120\u00b0 posto, precedendo in Asia Centrale il Tagikistan, ma dopo l\u2019Uzbekistan.<\/p>\n<p>&nbsp;<\/p>\n<p>&nbsp;<\/p>\n<h1 style=\"text-align: justify;\"><\/h1>\n<p style=\"text-align: justify;\">\n","protected":false},"excerpt":{"rendered":"I rapporti diplomatici tra Italia e Repubblica Kirghisa vennero formalizzati il 24 marzo 1992. Sono rapporti di amicizia anche se di limitata entit\u00e0 sotto il profilo economico e sociale. Il Paese rappresenta infatti un mercato limitato per l\u2019export italiano, ma nell\u2019ultimo biennio si \u00e8 assistito ad un certo incremento specie per beni di consumo, macchinari [&hellip;]","protected":false},"author":1,"featured_media":2109,"parent":0,"menu_order":5,"comment_status":"closed","ping_status":"closed","template":"","meta":{"footnotes":""},"class_list":["post-1940","page","type-page","status-publish","has-post-thumbnail","hentry"],"_links":{"self":[{"href":"https:\/\/ambastana.esteri.it\/it\/wp-json\/wp\/v2\/pages\/1940","targetHints":{"allow":["GET"]}}],"collection":[{"href":"https:\/\/ambastana.esteri.it\/it\/wp-json\/wp\/v2\/pages"}],"about":[{"href":"https:\/\/ambastana.esteri.it\/it\/wp-json\/wp\/v2\/types\/page"}],"author":[{"embeddable":true,"href":"https:\/\/ambastana.esteri.it\/it\/wp-json\/wp\/v2\/users\/1"}],"replies":[{"embeddable":true,"href":"https:\/\/ambastana.esteri.it\/it\/wp-json\/wp\/v2\/comments?post=1940"}],"version-history":[{"count":5,"href":"https:\/\/ambastana.esteri.it\/it\/wp-json\/wp\/v2\/pages\/1940\/revisions"}],"predecessor-version":[{"id":2105,"href":"https:\/\/ambastana.esteri.it\/it\/wp-json\/wp\/v2\/pages\/1940\/revisions\/2105"}],"wp:featuredmedia":[{"embeddable":true,"href":"https:\/\/ambastana.esteri.it\/it\/wp-json\/wp\/v2\/media\/2109"}],"wp:attachment":[{"href":"https:\/\/ambastana.esteri.it\/it\/wp-json\/wp\/v2\/media?parent=1940"}],"curies":[{"name":"wp","href":"https:\/\/api.w.org\/{rel}","templated":true}]}}